{"id":7617,"date":"2024-11-26T07:54:12","date_gmt":"2024-11-26T12:54:12","guid":{"rendered":"https:\/\/atlantikas.com\/palm-beach-costa-del-tesoro\/?page_id=7617"},"modified":"2024-11-27T05:23:54","modified_gmt":"2024-11-27T10:23:54","slug":"atlantikas-noticias-asociacion-de-medios-con-eventos","status":"publish","type":"page","link":"https:\/\/atlantikas.com\/palm-beach-costa-del-tesoro\/atlantikas-noticias-asociacion-de-medios-con-eventos\/","title":{"rendered":"Atl\u00e1ntikas Noticias Asociaci\u00f3n de Medios con Eventos"},"content":{"rendered":"<h3 class=\"p1\" style=\"text-align: center;\"><span class=\"s1\">Colabora con Atl\u00e1ntikas Noticias en tus Eventos<\/span><\/h3>\n<p class=\"p1\"><span class=\"s2\">\u00bfOrganizas un evento y buscas maximizar su alcance? En Atl\u00e1ntikas Noticias te ofrecemos la oportunidad de una alianza estrat\u00e9gica a trav\u00e9s de una asociaci\u00f3n de medios<\/span><span class=\"s2\">. Promociona tu evento en nuestra secci\u00f3n de <\/span><span class=\"s1\">Eventos Destacados<\/span><span class=\"s2\"> y llega a una audiencia comprometida y diversa.<\/span><\/p>\n<h4 class=\"p1\"><span class=\"s1\">Beneficios del intercambio:<\/span><\/h4>\n<ul>\n<li style=\"list-style-type: none;\">\n<ul>\n<li class=\"p3\"><span class=\"s2\">Promoci\u00f3n en nuestro sitio web y redes sociales.<\/span><\/li>\n<li class=\"p3\"><span class=\"s2\">Inclusi\u00f3n en nuestro bolet\u00edn informativo.<\/span><\/li>\n<li class=\"p3\"><span class=\"s2\">Cobertura en Atl\u00e1ntikas Noticias antes, durante o despu\u00e9s de tu evento.<\/span><\/li>\n<\/ul>\n<\/li>\n<\/ul>\n<p class=\"p1\"><span class=\"s2\">A cambio, solicitamos visibilidad para Atl\u00e1ntikas Noticias en tu evento mediante reconocimiento como socio de medios.<\/span><\/p>\n<h4>T\u00e9rminos y Condiciones<\/h4>\n<p class=\"p3\"><strong><span class=\"s3\">1. Elegibilidad<\/span><\/strong><\/p>\n<ul>\n<li style=\"list-style-type: none;\">\n<ul>\n<li class=\"p4\"><span class=\"s1\">El evento debe estar relacionado con los temas que Atl\u00e1ntikas Noticias cubre, como comunidad hispana, negocios, cultura, educaci\u00f3n, salud o causas sociales.<\/span><\/li>\n<li class=\"p4\"><span class=\"s1\">Nos reservamos el derecho de no participar en eventos que no est\u00e9n alineados con nuestros valores, intereses editoriales o est\u00e1ndares de calidad.<\/span><\/li>\n<\/ul>\n<\/li>\n<\/ul>\n<p class=\"p3\"><strong><span class=\"s3\">2. Audiencia<\/span><\/strong><\/p>\n<ul>\n<li style=\"list-style-type: none;\">\n<ul>\n<li class=\"p4\"><span class=\"s1\">El evento debe tener como objetivo principal una audiencia que incluya o se enfoque en la comunidad hispana o multicultural.<\/span><\/li>\n<li class=\"p4\"><span class=\"s1\">Nos reservamos el derecho de no participar a eventos con un alcance demasiado reducido o no alineados con nuestra audiencia.<\/span><\/li>\n<\/ul>\n<\/li>\n<\/ul>\n<p class=\"p3\"><strong><span class=\"s3\">3. Reconocimiento Mutuo<\/span><\/strong><\/p>\n<ul>\n<li style=\"list-style-type: none;\">\n<ul>\n<li class=\"p4\"><span class=\"s1\">Atl\u00e1ntikas Noticias debe recibir la debida visibilidad como socio de medios (logo en materiales promocionales, website, redes sociales, menci\u00f3n en el evento, etc.).<\/span><\/li>\n<li class=\"p4\"><span class=\"s1\">Solicitaremos pruebas o confirmaci\u00f3n de los compromisos de promoci\u00f3n antes del evento.<\/span><\/li>\n<\/ul>\n<\/li>\n<\/ul>\n<p class=\"p3\"><strong><span class=\"s3\">4. Plazo M\u00ednimo de Solicitud<\/span><\/strong><\/p>\n<ul>\n<li style=\"list-style-type: none;\">\n<ul>\n<li class=\"p4\"><span class=\"s1\">La propuesta deben de ser sometida con un m\u00ednimo de 10-8 semanas antes del evento, permitiendo as\u00ed una adecuada planificaci\u00f3n y promoci\u00f3n.<\/span><\/li>\n<\/ul>\n<\/li>\n<\/ul>\n<p class=\"p3\"><strong><span class=\"s3\">5. Calidad del Evento<\/span><\/strong><\/p>\n<ul>\n<li style=\"list-style-type: none;\">\n<ul>\n<li class=\"p4\"><span class=\"s1\">Incluya en su propuesta una descripci\u00f3n clara del evento, objetivos, y material gr\u00e1fico de alta calidad de su promoci\u00f3n.<\/span><\/li>\n<li>\n<p class=\"p1\"><span class=\"s1\">El evento debe contar con una organizaci\u00f3n profesional y cumplir con est\u00e1ndares m\u00ednimos de calidad en su planificaci\u00f3n, log\u00edstica y ejecuci\u00f3n. <\/span><span class=\"s1\">Los materiales promocionales proporcionados (im\u00e1genes, descripciones, enlaces, etc.) deben ser de alta calidad y estar libres de errores.<\/span><\/p>\n<\/li>\n<\/ul>\n<\/li>\n<\/ul>\n<p class=\"p3\"><strong><span class=\"s3\">6.<\/span><span class=\"s1\">\u00a0<\/span><span class=\"s2\">Modificaciones y Cancelaciones:<\/span><\/strong><\/p>\n<ul>\n<li style=\"list-style-type: none;\">\n<ul>\n<li class=\"p2\"><span class=\"s1\">Ambas partes deben notificar cualquier cambio o cancelaci\u00f3n del evento con al menos 7 d\u00edas de anticipaci\u00f3n.<\/span><\/li>\n<li class=\"p2\"><span class=\"s1\">Atl\u00e1ntikas Noticias no se hace responsable de promociones realizadas antes de una cancelaci\u00f3n no notificada.<\/span><\/li>\n<\/ul>\n<\/li>\n<\/ul>\n<p><strong><span class=\"s1\">7. <\/span><span class=\"s2\">Limitaci\u00f3n de Responsabilidad:<\/span><\/strong><\/p>\n<ul>\n<li style=\"list-style-type: none;\">\n<ul>\n<li class=\"p2\"><span class=\"s1\">Atl\u00e1ntikas Noticias no garantiza resultados espec\u00edficos en t\u00e9rminos de asistencia o participaci\u00f3n en el evento.<\/span><\/li>\n<\/ul>\n<\/li>\n<\/ul>\n<p class=\"p1\"><strong><span class=\"s2\">\u00a1Hagamos equipo para que tu evento sea un \u00e9xito!<\/span><\/strong><\/p>\n<p class=\"p1\"><span class=\"s1\">Cont\u00e1ctanos hoy mismo<\/span><span class=\"s2\"> para m\u00e1s informaci\u00f3n y formas de colaborar.<\/span><\/p>\n<div id=\"quform-ff4800\" class=\"quform quform-1 quform-support-page-caching\"><form id=\"quform-form-ff4800\" class=\"quform-form quform-form-1\" action=\"\/palm-beach-costa-del-tesoro\/wp-json\/wp\/v2\/pages\/7617#quform-ff4800\" method=\"post\" enctype=\"multipart\/form-data\" novalidate=\"novalidate\" data-options=\"{&quot;id&quot;:1,&quot;uniqueId&quot;:&quot;ff4800&quot;,&quot;theme&quot;:&quot;&quot;,&quot;ajax&quot;:true,&quot;logic&quot;:{&quot;logic&quot;:[],&quot;dependents&quot;:[],&quot;elementIds&quot;:[],&quot;dependentElementIds&quot;:[],&quot;animate&quot;:true},&quot;currentPageId&quot;:1,&quot;errorsIcon&quot;:&quot;&quot;,&quot;updateFancybox&quot;:true,&quot;hasPages&quot;:false,&quot;pages&quot;:[1],&quot;pageProgressType&quot;:&quot;numbers&quot;,&quot;tooltipsEnabled&quot;:true,&quot;tooltipClasses&quot;:&quot;qtip-quform-dark qtip-shadow&quot;,&quot;tooltipMy&quot;:&quot;left center&quot;,&quot;tooltipAt&quot;:&quot;right center&quot;,&quot;isRtl&quot;:false,&quot;scrollOffset&quot;:-50,&quot;scrollSpeed&quot;:800}\"><button class=\"quform-default-submit\" name=\"quform_submit\" type=\"submit\" value=\"submit\" aria-hidden=\"true\" tabindex=\"-1\"><\/button><div class=\"quform-form-inner quform-form-inner-1\"><input type=\"hidden\" name=\"quform_form_id\" value=\"1\" \/><input type=\"hidden\" name=\"quform_form_uid\" value=\"ff4800\" \/><input type=\"hidden\" name=\"quform_count\" value=\"1\" \/><input type=\"hidden\" name=\"form_url\" value=\"https:\/\/atlantikas.com\/palm-beach-costa-del-tesoro\/wp-json\/wp\/v2\/pages\/7617\" \/><input type=\"hidden\" name=\"referring_url\" value=\"\" \/><input type=\"hidden\" name=\"post_id\" value=\"\" \/><input type=\"hidden\" name=\"post_title\" value=\"\" \/><input type=\"hidden\" name=\"quform_current_page_id\" value=\"1\" \/><input type=\"hidden\" name=\"quform_loaded\" value=\"1778885890|4b817707f2b69168c8b1b342f4e5df4a\" \/><input type=\"hidden\" name=\"quform_csrf_token\" value=\"Iyg5pnuETRinhrcaFXsP7OPGOchYoS5SZhg9wWHp\" \/><div class=\"quform-elements quform-elements-1 quform-cf quform-responsive-elements-phone-landscape\"><div class=\"quform-element quform-element-page quform-page-1 quform-page-1_1 quform-cf quform-group-style-plain quform-first-page quform-last-page quform-current-page\"><div class=\"quform-child-elements\"><div class=\"quform-element quform-element-textarea quform-element-1_641379 quform-sr-only quform-cf\" style=\"clip: rect(1px, 1px, 1px, 1px); clip-path: inset(50%); position: absolute !important; height: 1px; width: 1px; overflow: hidden;\"><div class=\"quform-spacer\"><div class=\"quform-label quform-label-1_641379\"><label class=\"quform-label-text\" for=\"quform_1_641379_ff4800\">Contact Email<span class=\"quform-required\">*<\/span><\/label><\/div><div class=\"quform-inner quform-inner-1_641379\"><textarea id=\"quform_1_641379_ff4800\" name=\"quform_1_641379\" class=\"quform-field quform-field-textarea quform-field-1_641379\" tabindex=\"-1\" autocomplete=\"new-password\"><\/textarea><\/div><\/div><\/div><div class=\"quform-element quform-element-name quform-element-1_3 quform-cf quform-element-optional\"><div class=\"quform-spacer\"><div class=\"quform-label quform-label-1_3\"><label class=\"quform-label-text\" id=\"quform_1_3_ff4800_label\">Nombre<\/label><\/div><div class=\"quform-inner quform-inner-name quform-inner-1_3\"><div class=\"quform-input quform-input-name quform-input-1_3 quform-cf\"><div class=\"quform-element-row quform-2-columns quform-element-row-size-fixed quform-responsive-columns-phone-landscape\"><div class=\"quform-element-column\"><div class=\"quform-element quform-element-text quform-element-1_3_2 quform-cf quform-element-optional\"><div class=\"quform-spacer\"><div class=\"quform-inner quform-inner-text quform-inner-1_3_2\"><div class=\"quform-input quform-input-text quform-input-1_3_2 quform-cf\"><input type=\"text\" id=\"quform_1_3_2_ff4800\" name=\"quform_1_3[2]\" class=\"quform-field quform-field-text quform-field-1_3_2\" aria-labelledby=\"quform_1_3_ff4800_label quform_1_3_2_ff4800_sub_label_below\" \/><\/div><label id=\"quform_1_3_2_ff4800_sub_label_below\" class=\"quform-sub-label quform-sub-label-below\">Nombre<\/label><\/div><\/div><\/div><\/div><div class=\"quform-element-column\"><div class=\"quform-element quform-element-text quform-element-1_3_4 quform-cf quform-element-optional\"><div class=\"quform-spacer\"><div class=\"quform-inner quform-inner-text quform-inner-1_3_4\"><div class=\"quform-input quform-input-text quform-input-1_3_4 quform-cf\"><input type=\"text\" id=\"quform_1_3_4_ff4800\" name=\"quform_1_3[4]\" class=\"quform-field quform-field-text quform-field-1_3_4\" aria-labelledby=\"quform_1_3_ff4800_label quform_1_3_4_ff4800_sub_label_below\" \/><\/div><label id=\"quform_1_3_4_ff4800_sub_label_below\" class=\"quform-sub-label quform-sub-label-below\">Apellido<\/label><\/div><\/div><\/div><\/div><\/div><\/div><\/div><\/div><\/div><div class=\"quform-element quform-element-email quform-element-1_6 quform-cf quform-element-optional\"><div class=\"quform-spacer\"><div class=\"quform-label quform-label-1_6\"><label class=\"quform-label-text\" for=\"quform_1_6_ff4800\">Direcci\u00f3n de Email<\/label><\/div><div class=\"quform-inner quform-inner-email quform-inner-1_6\"><div class=\"quform-input quform-input-email quform-input-1_6 quform-cf\"><input type=\"email\" id=\"quform_1_6_ff4800\" name=\"quform_1_6\" class=\"quform-field quform-field-email quform-field-1_6\" \/><\/div><\/div><\/div><\/div><div class=\"quform-element quform-element-text quform-element-1_4 quform-cf quform-element-required\"><div class=\"quform-spacer\"><div class=\"quform-label quform-label-1_4\"><label class=\"quform-label-text\" for=\"quform_1_4_ff4800\">Nombre del Evento<span class=\"quform-required\">*<\/span><\/label><\/div><div class=\"quform-inner quform-inner-text quform-inner-1_4\"><div class=\"quform-input quform-input-text quform-input-1_4 quform-cf\"><input type=\"text\" id=\"quform_1_4_ff4800\" name=\"quform_1_4\" class=\"quform-field quform-field-text quform-field-1_4\" \/><\/div><\/div><\/div><\/div><div class=\"quform-element quform-element-date quform-element-1_8 quform-cf quform-element-optional\"><div class=\"quform-spacer\"><div class=\"quform-label quform-label-1_8\"><label class=\"quform-label-text\" for=\"quform_1_8_ff4800\">Fecha del Evento<\/label><\/div><div class=\"quform-inner quform-inner-date quform-inner-1_8\"><div class=\"quform-input quform-input-date quform-input-1_8 quform-cf quform-has-field-icon-right\"><input type=\"text\" id=\"quform_1_8_ff4800\" name=\"quform_1_8\" class=\"quform-field quform-field-date quform-field-1_8\" placeholder=\"YYYY-MM-DD\" data-options=\"{&quot;format&quot;:&quot;&quot;,&quot;min&quot;:&quot;&quot;,&quot;max&quot;:&quot;&quot;,&quot;start&quot;:&quot;month&quot;,&quot;depth&quot;:&quot;month&quot;,&quot;showFooter&quot;:false,&quot;locale&quot;:&quot;en-US&quot;,&quot;placeholder&quot;:&quot;&quot;,&quot;autoOpen&quot;:true,&quot;identifier&quot;:&quot;1_8&quot;}\" \/><span class=\"quform-field-icon quform-field-icon-right\"><i class=\"qicon-calendar\"><\/i><\/span><\/div><\/div><\/div><\/div><div class=\"quform-element quform-element-textarea quform-element-1_5 quform-cf quform-element-required\"><div class=\"quform-spacer\"><div class=\"quform-label quform-label-1_5\"><label class=\"quform-label-text\" for=\"quform_1_5_ff4800\">Descripci\u00f3n del Evento<span class=\"quform-required\">*<\/span><\/label><\/div><div class=\"quform-inner quform-inner-textarea quform-inner-1_5\"><div class=\"quform-input quform-input-textarea quform-input-1_5 quform-cf\"><textarea id=\"quform_1_5_ff4800\" name=\"quform_1_5\" class=\"quform-field quform-field-textarea quform-field-1_5\"><\/textarea><\/div><\/div><\/div><\/div><div class=\"quform-element quform-element-file quform-element-1_7 quform-cf quform-element-optional\"><div class=\"quform-spacer\"><div class=\"quform-label quform-label-1_7\"><label class=\"quform-label-text\" for=\"quform_1_7_ff4800\">Cargar<\/label><\/div><div class=\"quform-inner quform-inner-file quform-inner-1_7\"><div class=\"quform-input quform-input-file quform-input-1_7 quform-cf quform-button-style-theme\"><input type=\"file\" id=\"quform_1_7_ff4800\" name=\"quform_1_7[]\" class=\"quform-field quform-field-file quform-field-1_7 quform-field-file-enhanced\" data-config=\"{&quot;id&quot;:7,&quot;identifier&quot;:&quot;1_7&quot;,&quot;name&quot;:&quot;quform_1_7&quot;,&quot;max&quot;:1,&quot;size&quot;:10485760,&quot;allowedExtensions&quot;:[&quot;jpg&quot;,&quot;jpeg&quot;,&quot;png&quot;,&quot;gif&quot;],&quot;notAllowedTypeWithFilename&quot;:&quot;File type of &#039;%filename%&#039; is not allowed&quot;,&quot;tooBigWithFilename&quot;:&quot;File &#039;%filename%&#039; exceeds the maximum allowed file size&quot;,&quot;tooMany&quot;:&quot;You cannot upload more than %max% file(s)&quot;,&quot;buttonType&quot;:&quot;button&quot;,&quot;buttonText&quot;:&quot;Browse...&quot;,&quot;buttonIcon&quot;:&quot;qicon-file_upload&quot;,&quot;buttonIconPosition&quot;:&quot;right&quot;}\" \/><\/div><\/div><\/div><\/div><div class=\"quform-element quform-element-submit quform-element-1_2 quform-cf quform-button-style-theme\"><div class=\"quform-button-submit quform-button-submit-default quform-button-submit-1_2\"><button name=\"quform_submit\" type=\"submit\" class=\"quform-submit\" value=\"submit\"><span class=\"quform-button-text quform-button-submit-text\">Enviar<\/span><\/button><\/div><div class=\"quform-loading quform-loading-position-left quform-loading-type-spinner-1\"><div class=\"quform-loading-inner\"><div class=\"quform-loading-spinner\"><div class=\"quform-loading-spinner-inner\"><\/div><\/div><\/div><\/div><\/div><\/div><\/div><\/div><div class=\"quform-upload-progress-wrap\"><div class=\"quform-upload-progress-bar-wrap\"><div class=\"quform-upload-progress-bar\"><\/div><\/div><div class=\"quform-upload-info quform-cf\"><div class=\"quform-upload-filename\"><\/div><\/div><\/div><\/div><\/form><\/div>\n","protected":false},"excerpt":{"rendered":"<p>Colabora con Atl\u00e1ntikas Noticias en tus Eventos \u00bfOrganizas un evento y buscas maximizar su alcance? En Atl\u00e1ntikas Noticias te ofrecemos la oportunidad de una alianza estrat\u00e9gica a trav\u00e9s de una asociaci\u00f3n de medios. Promociona tu evento en nuestra secci\u00f3n de Eventos Destacados y llega a una audiencia comprometida y diversa. Beneficios del intercambio: Promoci\u00f3n en &hellip;<\/p>\n","protected":false},"author":1,"featured_media":0,"parent":0,"menu_order":0,"comment_status":"closed","ping_status":"closed","template":"","meta":{"om_disable_all_campaigns":false,"_monsterinsights_skip_tracking":false,"_monsterinsights_sitenote_active":false,"_monsterinsights_sitenote_note":"","_monsterinsights_sitenote_category":0,"jetpack_post_was_ever_published":false,"footnotes":""},"coauthors":[41],"class_list":["post-7617","page","type-page","status-publish","hentry"],"aioseo_notices":[],"jetpack_sharing_enabled":true,"jetpack-related-posts":[],"_links":{"self":[{"href":"https:\/\/atlantikas.com\/palm-beach-costa-del-tesoro\/wp-json\/wp\/v2\/pages\/7617","targetHints":{"allow":["GET"]}}],"collection":[{"href":"https:\/\/atlantikas.com\/palm-beach-costa-del-tesoro\/wp-json\/wp\/v2\/pages"}],"about":[{"href":"https:\/\/atlantikas.com\/palm-beach-costa-del-tesoro\/wp-json\/wp\/v2\/types\/page"}],"author":[{"embeddable":true,"href":"https:\/\/atlantikas.com\/palm-beach-costa-del-tesoro\/wp-json\/wp\/v2\/users\/1"}],"replies":[{"embeddable":true,"href":"https:\/\/atlantikas.com\/palm-beach-costa-del-tesoro\/wp-json\/wp\/v2\/comments?post=7617"}],"version-history":[{"count":9,"href":"https:\/\/atlantikas.com\/palm-beach-costa-del-tesoro\/wp-json\/wp\/v2\/pages\/7617\/revisions"}],"predecessor-version":[{"id":7646,"href":"https:\/\/atlantikas.com\/palm-beach-costa-del-tesoro\/wp-json\/wp\/v2\/pages\/7617\/revisions\/7646"}],"wp:attachment":[{"href":"https:\/\/atlantikas.com\/palm-beach-costa-del-tesoro\/wp-json\/wp\/v2\/media?parent=7617"}],"wp:term":[{"taxonomy":"author","embeddable":true,"href":"https:\/\/atlantikas.com\/palm-beach-costa-del-tesoro\/wp-json\/wp\/v2\/coauthors?post=7617"}],"curies":[{"name":"wp","href":"https:\/\/api.w.org\/{rel}","templated":true}]}}